{"id":7133,"date":"2022-04-12T15:56:29","date_gmt":"2022-04-12T13:56:57","guid":{"rendered":"https:\/\/rocroysvp.fr\/apel\/?page_id=7133"},"modified":"2025-12-09T19:14:22","modified_gmt":"2025-12-09T18:14:22","slug":"parents","status":"publish","type":"page","link":"https:\/\/rocroysvp.fr\/apel\/parents\/","title":{"rendered":"Parents 2025-2026"},"content":{"rendered":"<div class=\"wpb-content-wrapper\"><p>[vc_row][vc_column]<div class=\"edgtf-tabs clearfix edgtf-horizontal-tab edgtf-tab-without-icon\">\n\t<ul class=\"edgtf-tabs-nav\">\n\t\t\t\t\t<li>\n\t\t\t\t<a href=\"#tab-membres-du-bureau\">\n\t\t\t\t\t\n\t\t\t\t\t\t\t\t\t\t\t<span class=\"edgtf-tab-text-after-icon\">\n\t\t\t\t\t\t\tMembres du bureau\t\t\t\t\t\t<\/span>\n\t\t\t\t\t\t\t\t\t\t\t\n\t\t\t\t\t\t\t\t\t<\/a>\n\t\t\t <\/li>\n\t\t\t\t\t<li>\n\t\t\t\t<a href=\"#tab-membres-du-conseil-dadministration\">\n\t\t\t\t\t\n\t\t\t\t\t\t\t\t\t\t\t<span class=\"edgtf-tab-text-after-icon\">\n\t\t\t\t\t\t\tMembres du conseil d&#039;administration\t\t\t\t\t\t<\/span>\n\t\t\t\t\t\t\t\t\t\t\t\n\t\t\t\t\t\t\t\t\t<\/a>\n\t\t\t <\/li>\n\t\t\t<\/ul> \n\t<div class=\"edgtf-tab-container\" id=\"tab-membres-du-bureau-814\" data-icon-pack=\"font_awesome\" data-icon-html=\"&lt;i class=&quot;edgtf-icon-font-awesome fa  &quot; &gt;&lt;\/i&gt;\">[vc_column_text]<div class=\"tmm tmm_apel-rocroy\"><div class=\"tmm_4_columns tmm_wrap tmm_theme_f\"><span class=\"tmm_two_containers_tablet\"><\/span><div class=\"tmm_container\"><div class=\"tmm_member\" style=\"border-top:#00497a solid 5px;\"><div class=\"tmm_photo tmm_pic_apel-rocroy_0\" style=\"background: url(https:\/\/rocroysvp.fr\/apel\/wp-content\/uploads\/sites\/3\/sc.png); margin-left: auto; margin-right:auto; background-size:cover !important;\"><\/div><div class=\"tmm_textblock\"><div class=\"tmm_names\"><span class=\"tmm_fname\">S\u00e9bastien<\/span> <span class=\"tmm_lname\">CANNICCIONI<\/span><\/div><div class=\"tmm_job\">Pr\u00e9sident - Enfant en 2nde<\/div><div class=\"tmm_scblock\"><\/div><\/div><\/div><div class=\"tmm_member\" style=\"border-top:#00497a solid 5px;\"><div class=\"tmm_photo tmm_pic_apel-rocroy_1\" style=\"background: url(https:\/\/rocroysvp.fr\/apel\/wp-content\/uploads\/sites\/3\/20190226-100819.jpg); margin-left: auto; margin-right:auto; background-size:cover !important;\"><\/div><div class=\"tmm_textblock\"><div class=\"tmm_names\"><span class=\"tmm_fname\">B\u00e9atrice<\/span> <span class=\"tmm_lname\">BAULT<\/span><\/div><div class=\"tmm_job\">Vice-Pr\u00e9sidente Lyc\u00e9e - Enfant en T<\/div><div class=\"tmm_scblock\"><\/div><\/div><\/div><span class=\"tmm_two_containers_tablet\"><\/span><div class=\"tmm_member\" style=\"border-top:#00497a solid 5px;\"><div class=\"tmm_photo tmm_pic_apel-rocroy_2\" style=\"background: url(https:\/\/rocroysvp.fr\/apel\/wp-content\/uploads\/sites\/3\/cb.jpg); margin-left: auto; margin-right:auto; background-size:cover !important;\"><\/div><div class=\"tmm_textblock\"><div class=\"tmm_names\"><span class=\"tmm_fname\">Claire<\/span> <span class=\"tmm_lname\">BALES<\/span><\/div><div class=\"tmm_job\">Vice-Pr\u00e9sidente Primaire - Enfants en CM2 et 2nde<\/div><div class=\"tmm_scblock\"><\/div><\/div><\/div><div class=\"tmm_member\" style=\"border-top:#00497a solid 5px;\"><div class=\"tmm_photo tmm_pic_apel-rocroy_3\" style=\"background: url(https:\/\/rocroysvp.fr\/apel\/wp-content\/uploads\/sites\/3\/nd.png); margin-left: auto; margin-right:auto; background-size:cover !important;\"><\/div><div class=\"tmm_textblock\"><div class=\"tmm_names\"><span class=\"tmm_fname\">Na\u00efma<\/span> <span class=\"tmm_lname\">DAHAMNI<\/span><\/div><div class=\"tmm_job\">Vice-Pr\u00e9sidente Coll\u00e8ge - Enfants en 5\u00e8me et 2nde<\/div><div class=\"tmm_scblock\"><\/div><\/div><\/div><span class=\"tmm_two_containers_tablet\"><\/span><\/div><span class=\"tmm_columns_containers_desktop\"><\/span><div class=\"tmm_container\"><div class=\"tmm_member\" style=\"border-top:#00497a solid 5px;\"><div class=\"tmm_photo tmm_pic_apel-rocroy_4\" style=\"background: url(https:\/\/rocroysvp.fr\/apel\/wp-content\/uploads\/sites\/3\/thierry-malinur-scaled.jpg); margin-left: auto; margin-right:auto; background-size:cover !important;\"><\/div><div class=\"tmm_textblock\"><div class=\"tmm_names\"><span class=\"tmm_fname\">Thierry<\/span> <span class=\"tmm_lname\">MALINUR<\/span><\/div><div class=\"tmm_job\">Tr\u00e9sorier - Enfant en CE2<\/div><div class=\"tmm_scblock\"><\/div><\/div><\/div><div class=\"tmm_member\" style=\"border-top:#00497a solid 5px;\"><div class=\"tmm_photo tmm_pic_apel-rocroy_5\" style=\"background: url(https:\/\/rocroysvp.fr\/apel\/wp-content\/uploads\/sites\/3\/fp.jpg); margin-left: auto; margin-right:auto; background-size:cover !important;\"><\/div><div class=\"tmm_textblock\"><div class=\"tmm_names\"><span class=\"tmm_fname\">Fr\u00e9deric<\/span> <span class=\"tmm_lname\">PIOLTI<\/span><\/div><div class=\"tmm_job\">Tr\u00e9sorier adjoint - Enfant en 3\u00e8me<\/div><div class=\"tmm_scblock\"><\/div><\/div><\/div><span class=\"tmm_two_containers_tablet\"><\/span><div class=\"tmm_member\" style=\"border-top:#00497a solid 5px;\"><div class=\"tmm_textblock\"><div class=\"tmm_names\"><span class=\"tmm_fname\">Marie<\/span> <span class=\"tmm_lname\">BOUREZG<\/span><\/div><div class=\"tmm_job\">Secr\u00e9taire - Enfant en 2nde<\/div><div class=\"tmm_scblock\"><\/div><\/div><\/div><div class=\"tmm_member\" style=\"border-top:#00497a solid 5px;\"><div class=\"tmm_textblock\"><div class=\"tmm_names\"><span class=\"tmm_fname\">Joan<\/span> <span class=\"tmm_lname\">ALEONARD<\/span><\/div><div class=\"tmm_job\">Secr\u00e9taire adjointe - Enfants en 6\u00e8me et 5\u00e8me<\/div><div class=\"tmm_scblock\"><\/div><\/div><\/div><div style=\"clear:both;\"><\/div><\/div><\/div><\/div>[\/vc_column_text]<\/div><div class=\"edgtf-tab-container\" id=\"tab-membres-du-conseil-dadministration-474\" data-icon-pack=\"font_awesome\" data-icon-html=\"&lt;i class=&quot;edgtf-icon-font-awesome fa  &quot; &gt;&lt;\/i&gt;\">[vc_column_text]<div class=\"tmm tmm_apel-rocroy-2\"><div class=\"tmm_4_columns tmm_wrap tmm_theme_f\"><span class=\"tmm_two_containers_tablet\"><\/span><div class=\"tmm_container\"><div class=\"tmm_member\" style=\"border-top:#00497a solid 5px;\"><div class=\"tmm_photo tmm_pic_apel-rocroy-2_0\" style=\"background: url(https:\/\/rocroysvp.fr\/apel\/wp-content\/uploads\/sites\/3\/jb.png); margin-left: auto; margin-right:auto; background-size:cover !important;\"><\/div><div class=\"tmm_textblock\"><div class=\"tmm_names\"><span class=\"tmm_fname\">Julien<\/span> <span class=\"tmm_lname\">BENOIST<\/span><\/div><div class=\"tmm_job\">Enfants en CE2, 5\u00e8me et 3\u00e8me<\/div><div class=\"tmm_scblock\"><\/div><\/div><\/div><div class=\"tmm_member\" style=\"border-top:#00497a solid 5px;\"><div class=\"tmm_photo tmm_pic_apel-rocroy-2_1\" style=\"background: url(https:\/\/rocroysvp.fr\/apel\/wp-content\/uploads\/sites\/3\/cc.jpg); margin-left: auto; margin-right:auto; background-size:cover !important;\"><\/div><div class=\"tmm_textblock\"><div class=\"tmm_names\"><span class=\"tmm_fname\">Christine<\/span> <span class=\"tmm_lname\">CHARLES<\/span><\/div><div class=\"tmm_job\">Enfant en 1\u00e8re<\/div><div class=\"tmm_scblock\"><\/div><\/div><\/div><span class=\"tmm_two_containers_tablet\"><\/span><div class=\"tmm_member\" style=\"border-top:#00497a solid 5px;\"><div class=\"tmm_photo tmm_pic_apel-rocroy-2_2\" style=\"background: url(https:\/\/rocroysvp.fr\/apel\/wp-content\/uploads\/sites\/3\/weihao-chen-scaled.jpg); margin-left: auto; margin-right:auto; background-size:cover !important;\"><\/div><div class=\"tmm_textblock\"><div class=\"tmm_names\"><span class=\"tmm_fname\">Weihao<\/span> <span class=\"tmm_lname\">CHEN<\/span><\/div><div class=\"tmm_job\">Enfant en CE2<\/div><div class=\"tmm_scblock\"><\/div><\/div><\/div><div class=\"tmm_member\" style=\"border-top:#00497a solid 5px;\"><div class=\"tmm_photo tmm_pic_apel-rocroy-2_3\" style=\"background: url(https:\/\/rocroysvp.fr\/apel\/wp-content\/uploads\/sites\/3\/antoine-clement.webp); margin-left: auto; margin-right:auto; background-size:cover !important;\"><\/div><div class=\"tmm_textblock\"><div class=\"tmm_names\"><span class=\"tmm_fname\">Antoine<\/span> <span class=\"tmm_lname\">CLEMENT<\/span><\/div><div class=\"tmm_job\">Enfant en 3\u00e8me<\/div><div class=\"tmm_scblock\"><\/div><\/div><\/div><span class=\"tmm_two_containers_tablet\"><\/span><\/div><span class=\"tmm_columns_containers_desktop\"><\/span><div class=\"tmm_container\"><div class=\"tmm_member\" style=\"border-top:#00497a solid 5px;\"><div class=\"tmm_textblock\"><div class=\"tmm_names\"><span class=\"tmm_fname\">Gilles<\/span> <span class=\"tmm_lname\">DROUILLY<\/span><\/div><div class=\"tmm_job\">Enfant en CM2<\/div><div class=\"tmm_scblock\"><\/div><\/div><\/div><div class=\"tmm_member\" style=\"border-top:#00497a solid 5px;\"><div class=\"tmm_photo tmm_pic_apel-rocroy-2_5\" style=\"background: url(https:\/\/rocroysvp.fr\/apel\/wp-content\/uploads\/sites\/3\/af.png); margin-left: auto; margin-right:auto; background-size:cover !important;\"><\/div><div class=\"tmm_textblock\"><div class=\"tmm_names\"><span class=\"tmm_fname\">Alexandra<\/span> <span class=\"tmm_lname\">FROMENT<\/span><\/div><div class=\"tmm_job\">Enfant en 2nde<\/div><div class=\"tmm_scblock\"><\/div><\/div><\/div><span class=\"tmm_two_containers_tablet\"><\/span><div class=\"tmm_member\" style=\"border-top:#00497a solid 5px;\"><div class=\"tmm_textblock\"><div class=\"tmm_names\"><span class=\"tmm_fname\">Charles<\/span> <span class=\"tmm_lname\">FROMENT<\/span><\/div><div class=\"tmm_job\">Enfants en PS et GS<\/div><div class=\"tmm_scblock\"><\/div><\/div><\/div><div class=\"tmm_member\" style=\"border-top:#00497a solid 5px;\"><div class=\"tmm_photo tmm_pic_apel-rocroy-2_7\" style=\"background: url(https:\/\/rocroysvp.fr\/apel\/wp-content\/uploads\/sites\/3\/al.jpg); margin-left: auto; margin-right:auto; background-size:cover !important;\"><\/div><div class=\"tmm_textblock\"><div class=\"tmm_names\"><span class=\"tmm_fname\">Amale Marie-Lou<\/span> <span class=\"tmm_lname\">HAROUNY<\/span><\/div><div class=\"tmm_job\">Enfant en 2nde<\/div><div class=\"tmm_scblock\"><\/div><\/div><\/div><span class=\"tmm_two_containers_tablet\"><\/span><\/div><span class=\"tmm_columns_containers_desktop\"><\/span><div class=\"tmm_container\"><div class=\"tmm_member\" style=\"border-top:#00497a solid 5px;\"><div class=\"tmm_photo tmm_pic_apel-rocroy-2_8\" style=\"background: url(https:\/\/rocroysvp.fr\/apel\/wp-content\/uploads\/sites\/3\/eric-huynh.jpg); margin-left: auto; margin-right:auto; background-size:cover !important;\"><\/div><div class=\"tmm_textblock\"><div class=\"tmm_names\"><span class=\"tmm_fname\">Eric<\/span> <span class=\"tmm_lname\">HUYNH<\/span><\/div><div class=\"tmm_job\">Enfant en CP<\/div><div class=\"tmm_scblock\"><\/div><\/div><\/div><div class=\"tmm_member\" style=\"border-top:#00497a solid 5px;\"><div class=\"tmm_photo tmm_pic_apel-rocroy-2_9\" style=\"background: url(https:\/\/rocroysvp.fr\/apel\/wp-content\/uploads\/sites\/3\/sophie-kanas.jpg); margin-left: auto; margin-right:auto; background-size:cover !important;\"><\/div><div class=\"tmm_textblock\"><div class=\"tmm_names\"><span class=\"tmm_fname\">Sophie<\/span> <span class=\"tmm_lname\">KANNAS<\/span><\/div><div class=\"tmm_job\">Enfants en CM2 et 2nde<\/div><div class=\"tmm_scblock\"><\/div><\/div><\/div><span class=\"tmm_two_containers_tablet\"><\/span><div class=\"tmm_member\" style=\"border-top:#00497a solid 5px;\"><div class=\"tmm_textblock\"><div class=\"tmm_names\"><span class=\"tmm_fname\">Marion<\/span> <span class=\"tmm_lname\">LAMURE<\/span><\/div><div class=\"tmm_job\">Enfant en PS<\/div><div class=\"tmm_scblock\"><\/div><\/div><\/div><div class=\"tmm_member\" style=\"border-top:#00497a solid 5px;\"><div class=\"tmm_photo tmm_pic_apel-rocroy-2_11\" style=\"background: url(https:\/\/rocroysvp.fr\/apel\/wp-content\/uploads\/sites\/3\/photo-julie-lp.jpg); margin-left: auto; margin-right:auto; background-size:cover !important;\"><\/div><div class=\"tmm_textblock\"><div class=\"tmm_names\"><span class=\"tmm_fname\">Julie<\/span> <span class=\"tmm_lname\">LEPAGE<\/span><\/div><div class=\"tmm_job\">Enfant en CE2<\/div><div class=\"tmm_scblock\"><\/div><\/div><\/div><span class=\"tmm_two_containers_tablet\"><\/span><\/div><span class=\"tmm_columns_containers_desktop\"><\/span><div class=\"tmm_container\"><div class=\"tmm_member\" style=\"border-top:#00497a solid 5px;\"><div class=\"tmm_photo tmm_pic_apel-rocroy-2_12\" style=\"background: url(https:\/\/rocroysvp.fr\/apel\/wp-content\/uploads\/sites\/3\/jlm.png); margin-left: auto; margin-right:auto; background-size:cover !important;\"><\/div><div class=\"tmm_textblock\"><div class=\"tmm_names\"><span class=\"tmm_fname\">Jean-Luc<\/span> <span class=\"tmm_lname\">MAUNY<\/span><\/div><div class=\"tmm_job\">Enfant en T<\/div><div class=\"tmm_scblock\"><\/div><\/div><\/div><div class=\"tmm_member\" style=\"border-top:#00497a solid 5px;\"><div class=\"tmm_photo tmm_pic_apel-rocroy-2_13\" style=\"background: url(https:\/\/rocroysvp.fr\/apel\/wp-content\/uploads\/sites\/3\/photo-marc.jpg); margin-left: auto; margin-right:auto; background-size:cover !important;\"><\/div><div class=\"tmm_textblock\"><div class=\"tmm_names\"><span class=\"tmm_fname\">Marc<\/span> <span class=\"tmm_lname\">OBADIA<\/span><\/div><div class=\"tmm_job\">Enfant en CM2<\/div><div class=\"tmm_scblock\"><\/div><\/div><\/div><span class=\"tmm_two_containers_tablet\"><\/span><div class=\"tmm_member\" style=\"border-top:#00497a solid 5px;\"><div class=\"tmm_textblock\"><div class=\"tmm_names\"><span class=\"tmm_fname\">Dounia<\/span> <span class=\"tmm_lname\">OUCHALLAL FASS<\/span><\/div><div class=\"tmm_job\">Enfants en CM1 et 5\u00e8me<\/div><div class=\"tmm_scblock\"><\/div><\/div><\/div><div class=\"tmm_member\" style=\"border-top:#00497a solid 5px;\"><div class=\"tmm_photo tmm_pic_apel-rocroy-2_15\" style=\"background: url(https:\/\/rocroysvp.fr\/apel\/wp-content\/uploads\/sites\/3\/mathilde-perfumo.jpg); margin-left: auto; margin-right:auto; background-size:cover !important;\"><\/div><div class=\"tmm_textblock\"><div class=\"tmm_names\"><span class=\"tmm_fname\">Mathilde<\/span> <span class=\"tmm_lname\">PERFUMO<\/span><\/div><div class=\"tmm_job\">Enfants en CP et CE2<\/div><div class=\"tmm_scblock\"><\/div><\/div><\/div><span class=\"tmm_two_containers_tablet\"><\/span><\/div><span class=\"tmm_columns_containers_desktop\"><\/span><div class=\"tmm_container\"><div class=\"tmm_member\" style=\"border-top:#00497a solid 5px;\"><div class=\"tmm_photo tmm_pic_apel-rocroy-2_16\" style=\"background: url(https:\/\/rocroysvp.fr\/apel\/wp-content\/uploads\/sites\/3\/img-20231024-wa0000.jpg); margin-left: auto; margin-right:auto; background-size:cover !important;\"><\/div><div class=\"tmm_textblock\"><div class=\"tmm_names\"><span class=\"tmm_fname\">Bertrand<\/span> <span class=\"tmm_lname\">PISELLI<\/span><\/div><div class=\"tmm_job\">Enfant en CE2<\/div><div class=\"tmm_scblock\"><\/div><\/div><\/div><div class=\"tmm_member\" style=\"border-top:#00497a solid 5px;\"><div class=\"tmm_textblock\"><div class=\"tmm_names\"><span class=\"tmm_fname\">Jean-Luc<\/span> <span class=\"tmm_lname\">POYET<\/span><\/div><div class=\"tmm_job\">Enfant en 6\u00e8me<\/div><div class=\"tmm_scblock\"><\/div><\/div><\/div><span class=\"tmm_two_containers_tablet\"><\/span><div class=\"tmm_member\" style=\"border-top:#00497a solid 5px;\"><div class=\"tmm_textblock\"><div class=\"tmm_names\"><span class=\"tmm_fname\">Elise<\/span> <span class=\"tmm_lname\">RAVENEL DE POTTER<\/span><\/div><div class=\"tmm_job\">Enfant en PS<\/div><div class=\"tmm_scblock\"><\/div><\/div><\/div><div class=\"tmm_member\" style=\"border-top:#00497a solid 5px;\"><div class=\"tmm_textblock\"><div class=\"tmm_names\"><span class=\"tmm_fname\">Thyllie<\/span> <span class=\"tmm_lname\">ROBBE CAILLET<\/span><\/div><div class=\"tmm_job\">Enfant en GS<\/div><div class=\"tmm_scblock\"><\/div><\/div><\/div><span class=\"tmm_two_containers_tablet\"><\/span><\/div><span class=\"tmm_columns_containers_desktop\"><\/span><div class=\"tmm_container\"><div class=\"tmm_member\" style=\"border-top:#00497a solid 5px;\"><div class=\"tmm_textblock\"><div class=\"tmm_names\"><span class=\"tmm_fname\">Laetitia<\/span> <span class=\"tmm_lname\">TRAVERSE<\/span><\/div><div class=\"tmm_job\">Enfant en CE1<\/div><div class=\"tmm_scblock\"><\/div><\/div><\/div><div class=\"tmm_member\" style=\"border-top:#00497a solid 5px;\"><div class=\"tmm_photo tmm_pic_apel-rocroy-2_21\" style=\"background: url(https:\/\/rocroysvp.fr\/apel\/wp-content\/uploads\/sites\/3\/latitia-vialle.jpg); margin-left: auto; margin-right:auto; background-size:cover !important;\"><\/div><div class=\"tmm_textblock\"><div class=\"tmm_names\"><span class=\"tmm_fname\">Laetitia<\/span> <span class=\"tmm_lname\">VIALLE<\/span><\/div><div class=\"tmm_job\">Enfants en CE1, CM2, 4\u00e8me et 1\u00e8re<\/div><div class=\"tmm_scblock\"><\/div><\/div><\/div><div style=\"clear:both;\"><\/div><\/div><\/div><\/div>[\/vc_column_text]<\/div><\/div>[\/vc_column][\/vc_row]<\/p>\n<\/div>","protected":false},"excerpt":{"rendered":"<p>[vc_row][vc_column][\/vc_column][\/vc_row]<\/p>","protected":false},"author":753,"featured_media":0,"parent":0,"menu_order":1,"comment_status":"closed","ping_status":"closed","template":"","meta":{"footnotes":""},"class_list":["post-7133","page","type-page","status-publish","hentry"],"_links":{"self":[{"href":"https:\/\/rocroysvp.fr\/apel\/wp-json\/wp\/v2\/pages\/7133","targetHints":{"allow":["GET"]}}],"collection":[{"href":"https:\/\/rocroysvp.fr\/apel\/wp-json\/wp\/v2\/pages"}],"about":[{"href":"https:\/\/rocroysvp.fr\/apel\/wp-json\/wp\/v2\/types\/page"}],"author":[{"embeddable":true,"href":"https:\/\/rocroysvp.fr\/apel\/wp-json\/wp\/v2\/users\/753"}],"replies":[{"embeddable":true,"href":"https:\/\/rocroysvp.fr\/apel\/wp-json\/wp\/v2\/comments?post=7133"}],"version-history":[{"count":2,"href":"https:\/\/rocroysvp.fr\/apel\/wp-json\/wp\/v2\/pages\/7133\/revisions"}],"predecessor-version":[{"id":7561,"href":"https:\/\/rocroysvp.fr\/apel\/wp-json\/wp\/v2\/pages\/7133\/revisions\/7561"}],"wp:attachment":[{"href":"https:\/\/rocroysvp.fr\/apel\/wp-json\/wp\/v2\/media?parent=7133"}],"curies":[{"name":"wp","href":"https:\/\/api.w.org\/{rel}","templated":true}]}}