{"id":744,"date":"2016-09-15T11:29:29","date_gmt":"2016-09-15T11:29:37","guid":{"rendered":"https:\/\/vangard.edge-themes.com\/?page_id=744"},"modified":"2024-10-14T07:53:13","modified_gmt":"2024-10-14T05:53:13","slug":"apel-accueil","status":"publish","type":"page","link":"https:\/\/rocroysvp.fr\/apel\/","title":{"rendered":"Association des parents d&rsquo;\u00e9l\u00e8ves"},"content":{"rendered":"<div class=\"wpb-content-wrapper\"><p>[vc_row][vc_column][vc_empty_space height=\u00a0\u00bb40px\u00a0\u00bb][\/vc_column][\/vc_row][vc_row content_aligment=\u00a0\u00bbcenter\u00a0\u00bb animation_in_type=\u00a0\u00bbtransition.slideLeftIn\u00a0\u00bb animation_in_offset=\u00a0\u00bb100&Prime; animation_in_duration=\u00a0\u00bb1350&Prime; animation_in_delay=\u00a0\u00bb0&Prime;][vc_column animation_in_type=\u00a0\u00bbtransition.slideLeftIn\u00a0\u00bb animation_in_offset=\u00a0\u00bb100&Prime; animation_in_duration=\u00a0\u00bb1000&Prime; animation_in_delay=\u00a0\u00bb200&Prime; animation_loop_type=\u00a0\u00bbcallout.pulse\u00a0\u00bb animation_loop_duration=\u00a0\u00bb800&Prime; animation_loop_delay=\u00a0\u00bb500&Prime; animation_loop_hover=\u00a0\u00bbtrue\u00a0\u00bb]<a href=\"#\" target=\"_self\" style=\"color: #ffffff;background-color: #ae9a63;font-size: 16px;margin: 23px 0px 23px 0px\" class=\"edgtf-btn edgtf-btn-huge edgtf-btn-solid edgtf-btn-custom-hover-bg\" data-hover-bg-color=\"#00497a\" >\n\t    <\/a>[\/vc_column][\/vc_row][vc_row css=\u00a0\u00bb.vc_custom_1652345610057{margin-top: 40px&nbsp;!important;margin-right: 6px&nbsp;!important;margin-bottom: 60px&nbsp;!important;margin-left: 6px&nbsp;!important;padding-top: 35px&nbsp;!important;padding-right: 25px&nbsp;!important;padding-bottom: 35px&nbsp;!important;padding-left: 25px&nbsp;!important;background-color: #ffffff&nbsp;!important;}\u00a0\u00bb][vc_column][vc_column_text]<\/p>\n<h1 style=\"text-align: center\">Parents, famille, l\u2019APEL est votre association<\/h1>\n<p>[\/vc_column_text]<div class=\"edgtf-separator-holder clearfix  edgtf-separator-left\">\n\t<div class=\"edgtf-separator\" style=\"border-color: #ae9a63;border-style: solid;margin-top: 32px;margin-bottom: 32px\"><\/div>\n<\/div>\n[vc_column_text]<\/p>\n<p class=\"edgtf-custom-font-holder\">Vous en \u00eates membres de droit d\u00e8s lors que vos enfants sont \u00e9l\u00e8ves dans l\u2019\u00e9tablissement. Vous \u00eates repr\u00e9sent\u00e9s par un Conseil d\u2019administration \u00e9lu au d\u00e9but de chaque ann\u00e9e scolaire et c\u2019est vous qui votez&nbsp;!<\/p>\n<p>VOTRE ASSOCIATION DE PARENTS D\u2019\u00c9L\u00c8VES est votre porte-parole au sein de l\u2019\u00e9tablissement.<\/p>\n<p>Notre association fait partie d\u2019un r\u00e9seau APEL qui est la seule association des parents d\u2019\u00e9l\u00e8ves reconnue dans le statut de l\u2019enseignement catholique&nbsp;:<\/p>\n<p>\u2022 l\u2019APEL repr\u00e9sente les parents aupr\u00e8s des pouvoirs publics&nbsp;;<br \/>\n\u2022 notre association est apolitique et non confessionnelle&nbsp;;<br \/>\n\u2022 nous sommes soutenus dans notre action par l\u2019<a href=\"https:\/\/www.apel75.com\/\">APEL de Paris<\/a> et l\u2019<a href=\"https:\/\/www.apel.fr\/\">APEL Nationale<\/a>.<\/p>\n<p>NOS ACTIONS<\/p>\n<p><strong>L\u2019APEL de Rocroy St-Vincent de Paul a en charge l\u2019ensemble des relations avec la direction de l\u2019\u00e9tablissement.<\/strong><\/p>\n<p>En coordination avec l\u2019Etablissement, l\u2019APEL organise des conf\u00e9rences (trimestrielles) et des \u00e9v\u00e8nements (go\u00fbter de No\u00ebl, kermesse\u2026). L\u2019APEL se charge \u00e9galement des commandes des tee-shirts et sweat-shirts \u00e0 l\u2019effigie de Rocroy, la commande des objets avec les dessins des primaires, par exemple. Elle participe aux commissions cantine. Elle si\u00e8ge au sein du Conseil d\u2019administration de l\u2019OGEC de l\u2019\u00e9tablissement et des Conseils de discipline, et assure les relations avec l\u2019APEL de Paris. L\u2019APEL coordonne le r\u00e9seau les Parents de Correspondants de Classes (PCC), en \u00e9troite collaboration avec la direction.<\/p>\n<p><strong>L\u2019APEL est \u00e9galement pr\u00e9sente \u00e0 vos c\u00f4t\u00e9s, \u00e0 chaque fois que vous en avez besoin (aides mat\u00e9rielles, conseils\u2026).<\/strong>[\/vc_column_text]<div class=\"edgtf-separator-holder clearfix  edgtf-separator-left\">\n\t<div class=\"edgtf-separator\" style=\"border-color: #ae9a63;border-style: solid;margin-top: 32px;margin-bottom: 32px\"><\/div>\n<\/div>\n\n<div class=\"edgtf-custom-font-holder\" style=\"font-size: 14px;line-height: 16px;font-weight: 600;text-transform: uppercase;color: #ae9a63\" data-font-size= 14 data-line-height= 16>\n\tS\u00e9bastien Canniccioni<br \/>\nPr\u00e9sident de l'APEL de Rocroy Saint-Vincent de Paul\t<\/div>[\/vc_column][\/vc_row][vc_row][vc_column]<div id=\"mpc_grid_posts_6269e1a78076f32\" class=\"mpc-grid-posts mpc-init mpc-init mpc-transition mpc-overlay--slide-right mpc-item--fade mpc-layout--style_1  \"  data-grid-cols=\"3\"><div class=\"mpc-grid-sizer\"><\/div><div onclick=\"\" class=\"mpc-post\"><div class=\"mpc-post__wrapper\"><div class=\"mpc-post__thumbnail mpc-post__thumbnail-full\" data-mpc_link=\"https:\/\/rocroysvp.fr\/apel\/actus\/2026\/03\/24\/depart-m-tranin\/\"><img decoding=\"async\" src=\"https:\/\/rocroysvp.fr\/apel\/wp-content\/uploads\/sites\/3\/mini-communique-aux-familles-mars-2026.png\" alt=\"\" \/><div class=\"mpc-post__overlay mpc-transition\"><div class=\"mpc-post--vertical-wrap\"><div class=\"mpc-post--vertical\" data-mpc_link=\"https:\/\/rocroysvp.fr\/apel\/actus\/2026\/03\/24\/depart-m-tranin\/\"><a href=\"https:\/\/rocroysvp.fr\/apel\/actus\/2026\/03\/24\/depart-m-tranin\/\" title=\"Read more about D\u00e9part M Tranin\" class=\"mpc-icon-anchor\"><i class=\"mpc-post-overlay__icon mpc-type--readmore mi mi-exit_to_app\"><\/i><\/a><a href=\"https:\/\/rocroysvp.fr\/apel\/wp-content\/uploads\/sites\/3\/mini-communique-aux-familles-mars-2026.png\" title=\"D\u00e9part M Tranin\" class=\"mpc-lightbox mpc-icon-anchor mpc-magnific-popup\"><\/a><div class=\"mpc-post__content mpc-transition\"><h3 class=\"mpc-post__heading mpc-transition mpc-typography--mpc_preset_5 mpc-text-overflow\"><a href=\"https:\/\/rocroysvp.fr\/apel\/actus\/2026\/03\/24\/depart-m-tranin\/\" title=\"D\u00e9part M Tranin\">D\u00e9part M Tranin<\/a><\/h3><\/div><\/div><\/div><\/div><\/div><div class=\"mpc-post__content mpc-transition\"><h3 class=\"mpc-post__heading mpc-transition mpc-typography--mpc_preset_5 mpc-text-overflow\"><a href=\"https:\/\/rocroysvp.fr\/apel\/actus\/2026\/03\/24\/depart-m-tranin\/\" title=\"D\u00e9part M Tranin\">D\u00e9part M Tranin<\/a><\/h3><\/div><\/div><\/div><div onclick=\"\" class=\"mpc-post\"><div class=\"mpc-post__wrapper\"><div class=\"mpc-post__thumbnail mpc-post__thumbnail-full\" data-mpc_link=\"https:\/\/rocroysvp.fr\/apel\/actus\/2025\/12\/28\/conference-elaborer-son-projet-dorientation-post-bac-3\/\"><img decoding=\"async\" src=\"https:\/\/rocroysvp.fr\/apel\/wp-content\/uploads\/sites\/3\/img-20251216-wa0002-mini.jpg\" alt=\"\" \/><div class=\"mpc-post__overlay mpc-transition\"><div class=\"mpc-post--vertical-wrap\"><div class=\"mpc-post--vertical\" data-mpc_link=\"https:\/\/rocroysvp.fr\/apel\/actus\/2025\/12\/28\/conference-elaborer-son-projet-dorientation-post-bac-3\/\"><a href=\"https:\/\/rocroysvp.fr\/apel\/actus\/2025\/12\/28\/conference-elaborer-son-projet-dorientation-post-bac-3\/\" title=\"Read more about Conf\u00e9rence \u2013 Elaborer son projet d\u2019orientation post-bac\" class=\"mpc-icon-anchor\"><i class=\"mpc-post-overlay__icon mpc-type--readmore mi mi-exit_to_app\"><\/i><\/a><a href=\"https:\/\/rocroysvp.fr\/apel\/wp-content\/uploads\/sites\/3\/img-20251216-wa0002-mini.jpg\" title=\"Conf\u00e9rence \u2013 Elaborer son projet d\u2019orientation post-bac\" class=\"mpc-lightbox mpc-icon-anchor mpc-magnific-popup\"><\/a><div class=\"mpc-post__content mpc-transition\"><h3 class=\"mpc-post__heading mpc-transition mpc-typography--mpc_preset_5 mpc-text-overflow\"><a href=\"https:\/\/rocroysvp.fr\/apel\/actus\/2025\/12\/28\/conference-elaborer-son-projet-dorientation-post-bac-3\/\" title=\"Conf\u00e9rence \u2013 Elaborer son projet d\u2019orientation post-bac\">Conf\u00e9rence \u2013 Elaborer son projet d\u2019orientation post-bac<\/a><\/h3><\/div><\/div><\/div><\/div><\/div><div class=\"mpc-post__content mpc-transition\"><h3 class=\"mpc-post__heading mpc-transition mpc-typography--mpc_preset_5 mpc-text-overflow\"><a href=\"https:\/\/rocroysvp.fr\/apel\/actus\/2025\/12\/28\/conference-elaborer-son-projet-dorientation-post-bac-3\/\" title=\"Conf\u00e9rence \u2013 Elaborer son projet d\u2019orientation post-bac\">Conf\u00e9rence \u2013 Elaborer son projet d\u2019orientation post-bac<\/a><\/h3><\/div><\/div><\/div><div onclick=\"\" class=\"mpc-post\"><div class=\"mpc-post__wrapper\"><div class=\"mpc-post__thumbnail mpc-post__thumbnail-full\" data-mpc_link=\"https:\/\/rocroysvp.fr\/apel\/actus\/2025\/12\/09\/conference-3\/\"><img decoding=\"async\" src=\"https:\/\/rocroysvp.fr\/apel\/wp-content\/uploads\/sites\/3\/conference-du-16-dec-25-mini.jpg\" alt=\"\" \/><div class=\"mpc-post__overlay mpc-transition\"><div class=\"mpc-post--vertical-wrap\"><div class=\"mpc-post--vertical\" data-mpc_link=\"https:\/\/rocroysvp.fr\/apel\/actus\/2025\/12\/09\/conference-3\/\"><a href=\"https:\/\/rocroysvp.fr\/apel\/actus\/2025\/12\/09\/conference-3\/\" title=\"Read more about Conf\u00e9rence &#8211; L&rsquo;Impact des Ecrans\" class=\"mpc-icon-anchor\"><i class=\"mpc-post-overlay__icon mpc-type--readmore mi mi-exit_to_app\"><\/i><\/a><a href=\"https:\/\/rocroysvp.fr\/apel\/wp-content\/uploads\/sites\/3\/conference-du-16-dec-25-mini.jpg\" title=\"Conf\u00e9rence &#8211; L&rsquo;Impact des Ecrans\" class=\"mpc-lightbox mpc-icon-anchor mpc-magnific-popup\"><\/a><div class=\"mpc-post__content mpc-transition\"><h3 class=\"mpc-post__heading mpc-transition mpc-typography--mpc_preset_5 mpc-text-overflow\"><a href=\"https:\/\/rocroysvp.fr\/apel\/actus\/2025\/12\/09\/conference-3\/\" title=\"Conf\u00e9rence &#8211; L&rsquo;Impact des Ecrans\">Conf\u00e9rence &#8211; L&rsquo;Impact des Ecrans<\/a><\/h3><\/div><\/div><\/div><\/div><\/div><div class=\"mpc-post__content mpc-transition\"><h3 class=\"mpc-post__heading mpc-transition mpc-typography--mpc_preset_5 mpc-text-overflow\"><a href=\"https:\/\/rocroysvp.fr\/apel\/actus\/2025\/12\/09\/conference-3\/\" title=\"Conf\u00e9rence &#8211; L&rsquo;Impact des Ecrans\">Conf\u00e9rence &#8211; L&rsquo;Impact des Ecrans<\/a><\/h3><\/div><\/div><\/div><div onclick=\"\" class=\"mpc-post\"><div class=\"mpc-post__wrapper\"><div class=\"mpc-post__thumbnail mpc-post__thumbnail-full\" data-mpc_link=\"https:\/\/rocroysvp.fr\/apel\/actus\/2025\/10\/18\/operation-noel-2025\/\"><img decoding=\"async\" src=\"https:\/\/rocroysvp.fr\/apel\/wp-content\/uploads\/sites\/3\/affiche-noel-25-college-lycee-mini.jpg\" alt=\"\" \/><div class=\"mpc-post__overlay mpc-transition\"><div class=\"mpc-post--vertical-wrap\"><div class=\"mpc-post--vertical\" data-mpc_link=\"https:\/\/rocroysvp.fr\/apel\/actus\/2025\/10\/18\/operation-noel-2025\/\"><a href=\"https:\/\/rocroysvp.fr\/apel\/actus\/2025\/10\/18\/operation-noel-2025\/\" title=\"Read more about Op\u00e9ration No\u00ebl 2025&nbsp;!\" class=\"mpc-icon-anchor\"><i class=\"mpc-post-overlay__icon mpc-type--readmore mi mi-exit_to_app\"><\/i><\/a><a href=\"https:\/\/rocroysvp.fr\/apel\/wp-content\/uploads\/sites\/3\/affiche-noel-25-college-lycee-mini.jpg\" title=\"Op\u00e9ration No\u00ebl 2025&nbsp;!\" class=\"mpc-lightbox mpc-icon-anchor mpc-magnific-popup\"><\/a><div class=\"mpc-post__content mpc-transition\"><h3 class=\"mpc-post__heading mpc-transition mpc-typography--mpc_preset_5 mpc-text-overflow\"><a href=\"https:\/\/rocroysvp.fr\/apel\/actus\/2025\/10\/18\/operation-noel-2025\/\" title=\"Op\u00e9ration No\u00ebl 2025&nbsp;!\">Op\u00e9ration No\u00ebl 2025&nbsp;!<\/a><\/h3><\/div><\/div><\/div><\/div><\/div><div class=\"mpc-post__content mpc-transition\"><h3 class=\"mpc-post__heading mpc-transition mpc-typography--mpc_preset_5 mpc-text-overflow\"><a href=\"https:\/\/rocroysvp.fr\/apel\/actus\/2025\/10\/18\/operation-noel-2025\/\" title=\"Op\u00e9ration No\u00ebl 2025&nbsp;!\">Op\u00e9ration No\u00ebl 2025&nbsp;!<\/a><\/h3><\/div><\/div><\/div><div onclick=\"\" class=\"mpc-post\"><div class=\"mpc-post__wrapper\"><div class=\"mpc-post__thumbnail mpc-post__thumbnail-full\" data-mpc_link=\"https:\/\/rocroysvp.fr\/apel\/actus\/2025\/10\/05\/matinee-de-lorientation-samedi-6-decembre\/\"><img decoding=\"async\" src=\"https:\/\/rocroysvp.fr\/apel\/wp-content\/uploads\/sites\/3\/mini-matinee-2025.jpg\" alt=\"\" \/><div class=\"mpc-post__overlay mpc-transition\"><div class=\"mpc-post--vertical-wrap\"><div class=\"mpc-post--vertical\" data-mpc_link=\"https:\/\/rocroysvp.fr\/apel\/actus\/2025\/10\/05\/matinee-de-lorientation-samedi-6-decembre\/\"><a href=\"https:\/\/rocroysvp.fr\/apel\/actus\/2025\/10\/05\/matinee-de-lorientation-samedi-6-decembre\/\" title=\"Read more about Matin\u00e9e de l&rsquo;Orientation &#8211; Samedi 6 D\u00e9cembre\" class=\"mpc-icon-anchor\"><i class=\"mpc-post-overlay__icon mpc-type--readmore mi mi-exit_to_app\"><\/i><\/a><a href=\"https:\/\/rocroysvp.fr\/apel\/wp-content\/uploads\/sites\/3\/mini-matinee-2025.jpg\" title=\"Matin\u00e9e de l&rsquo;Orientation &#8211; Samedi 6 D\u00e9cembre\" class=\"mpc-lightbox mpc-icon-anchor mpc-magnific-popup\"><\/a><div class=\"mpc-post__content mpc-transition\"><h3 class=\"mpc-post__heading mpc-transition mpc-typography--mpc_preset_5 mpc-text-overflow\"><a href=\"https:\/\/rocroysvp.fr\/apel\/actus\/2025\/10\/05\/matinee-de-lorientation-samedi-6-decembre\/\" title=\"Matin\u00e9e de l&rsquo;Orientation &#8211; Samedi 6 D\u00e9cembre\">Matin\u00e9e de l&rsquo;Orientation &#8211; Samedi 6 D\u00e9cembre<\/a><\/h3><\/div><\/div><\/div><\/div><\/div><div class=\"mpc-post__content mpc-transition\"><h3 class=\"mpc-post__heading mpc-transition mpc-typography--mpc_preset_5 mpc-text-overflow\"><a href=\"https:\/\/rocroysvp.fr\/apel\/actus\/2025\/10\/05\/matinee-de-lorientation-samedi-6-decembre\/\" title=\"Matin\u00e9e de l&rsquo;Orientation &#8211; Samedi 6 D\u00e9cembre\">Matin\u00e9e de l&rsquo;Orientation &#8211; Samedi 6 D\u00e9cembre<\/a><\/h3><\/div><\/div><\/div><div onclick=\"\" class=\"mpc-post\"><div class=\"mpc-post__wrapper\"><div class=\"mpc-post__thumbnail mpc-post__thumbnail-full\" data-mpc_link=\"https:\/\/rocroysvp.fr\/apel\/actus\/2025\/10\/05\/assemblee-generale-mardi-7-octobre-2025-18h30\/\"><img decoding=\"async\" src=\"https:\/\/rocroysvp.fr\/apel\/wp-content\/uploads\/sites\/3\/ag-mini-2025.jpg\" alt=\"\" \/><div class=\"mpc-post__overlay mpc-transition\"><div class=\"mpc-post--vertical-wrap\"><div class=\"mpc-post--vertical\" data-mpc_link=\"https:\/\/rocroysvp.fr\/apel\/actus\/2025\/10\/05\/assemblee-generale-mardi-7-octobre-2025-18h30\/\"><a href=\"https:\/\/rocroysvp.fr\/apel\/actus\/2025\/10\/05\/assemblee-generale-mardi-7-octobre-2025-18h30\/\" title=\"Read more about Assembl\u00e9e G\u00e9n\u00e9rale \u2013 Mardi 7 Octobre 2025 \u2013 18h30\" class=\"mpc-icon-anchor\"><i class=\"mpc-post-overlay__icon mpc-type--readmore mi mi-exit_to_app\"><\/i><\/a><a href=\"https:\/\/rocroysvp.fr\/apel\/wp-content\/uploads\/sites\/3\/ag-mini-2025.jpg\" title=\"Assembl\u00e9e G\u00e9n\u00e9rale \u2013 Mardi 7 Octobre 2025 \u2013 18h30\" class=\"mpc-lightbox mpc-icon-anchor mpc-magnific-popup\"><\/a><div class=\"mpc-post__content mpc-transition\"><h3 class=\"mpc-post__heading mpc-transition mpc-typography--mpc_preset_5 mpc-text-overflow\"><a href=\"https:\/\/rocroysvp.fr\/apel\/actus\/2025\/10\/05\/assemblee-generale-mardi-7-octobre-2025-18h30\/\" title=\"Assembl\u00e9e G\u00e9n\u00e9rale \u2013 Mardi 7 Octobre 2025 \u2013 18h30\">Assembl\u00e9e G\u00e9n\u00e9rale \u2013 Mardi 7 Octobre 2025 \u2013 18h30<\/a><\/h3><\/div><\/div><\/div><\/div><\/div><div class=\"mpc-post__content mpc-transition\"><h3 class=\"mpc-post__heading mpc-transition mpc-typography--mpc_preset_5 mpc-text-overflow\"><a href=\"https:\/\/rocroysvp.fr\/apel\/actus\/2025\/10\/05\/assemblee-generale-mardi-7-octobre-2025-18h30\/\" title=\"Assembl\u00e9e G\u00e9n\u00e9rale \u2013 Mardi 7 Octobre 2025 \u2013 18h30\">Assembl\u00e9e G\u00e9n\u00e9rale \u2013 Mardi 7 Octobre 2025 \u2013 18h30<\/a><\/h3><\/div><\/div><\/div><\/div>[\/vc_column][\/vc_row][vc_row content_aligment=\u00a0\u00bbcenter\u00a0\u00bb css=\u00a0\u00bb.vc_custom_1647429830759{padding-bottom: 43px&nbsp;!important;}\u00a0\u00bb][vc_column]<a href=\"\/apel\/actus\/\" target=\"_self\" style=\"color: #ffffff;background-color: #ae9a63;font-size: 16px;margin: 23px 0px 23px 0px\" class=\"edgtf-btn edgtf-btn-huge edgtf-btn-solid edgtf-btn-custom-hover-bg\" data-hover-bg-color=\"#00497a\" >\n\t\t\t<span class=\"edgtf-btn-text\">Voir toutes les actualit\u00e9s<\/span>\n\t    <\/a>[\/vc_column][\/vc_row]<\/p>\n<\/div>","protected":false},"excerpt":{"rendered":"<p>[vc_row][vc_column][vc_empty_space height=\u00a0\u00bb40px\u00a0\u00bb][\/vc_column][\/vc_row][vc_row content_aligment=\u00a0\u00bbcenter\u00a0\u00bb animation_in_type=\u00a0\u00bbtransition.slideLeftIn\u00a0\u00bb animation_in_offset=\u00a0\u00bb100&Prime; animation_in_duration=\u00a0\u00bb1350&Prime; animation_in_delay=\u00a0\u00bb0&Prime;][vc_column animation_in_type=\u00a0\u00bbtransition.slideLeftIn\u00a0\u00bb animation_in_offset=\u00a0\u00bb100&Prime; animation_in_duration=\u00a0\u00bb1000&Prime; animation_in_delay=\u00a0\u00bb200&Prime; animation_loop_type=\u00a0\u00bbcallout.pulse\u00a0\u00bb animation_loop_duration=\u00a0\u00bb800&Prime; animation_loop_delay=\u00a0\u00bb500&Prime; animation_loop_hover=\u00a0\u00bbtrue\u00a0\u00bb][\/vc_column][\/vc_row][vc_row css=\u00a0\u00bb.vc_custom_1652345610057{margin-top: 40px&nbsp;!important;margin-right: 6px&nbsp;!important;margin-bottom: 60px&nbsp;!important;margin-left: 6px&nbsp;!important;padding-top: 35px&nbsp;!important;padding-right: 25px&nbsp;!important;padding-bottom: 35px&nbsp;!important;padding-left: 25px&nbsp;!important;background-color: #ffffff&nbsp;!important;}\u00a0\u00bb][vc_column][vc_column_text] Parents, famille, l\u2019APEL est votre association [\/vc_column_text][vc_column_text] Vous en \u00eates membres de droit d\u00e8s lors que vos enfants sont \u00e9l\u00e8ves dans l\u2019\u00e9tablissement. Vous \u00eates repr\u00e9sent\u00e9s par un Conseil d\u2019administration \u00e9lu au d\u00e9but de chaque ann\u00e9e scolaire et c\u2019est vous qui votez&nbsp;! VOTRE ASSOCIATION DE PARENTS D\u2019\u00c9L\u00c8VES est votre porte-parole au sein de l\u2019\u00e9tablissement. Notre association fait partie d\u2019un r\u00e9seau APEL qui est la seule association des parents d\u2019\u00e9l\u00e8ves reconnue dans le statut de l\u2019enseignement catholique&nbsp;: \u2022 l\u2019APEL repr\u00e9sente les parents aupr\u00e8s des pouvoirs publics&nbsp;; \u2022 notre association est apolitique et non confessionnelle&nbsp;; \u2022 nous sommes soutenus dans notre action par l\u2019APEL de Paris et l\u2019APEL Nationale. NOS ACTIONS L\u2019APEL de Rocroy St-Vincent de Paul a en charge l\u2019ensemble des relations avec la direction<\/p>","protected":false},"author":753,"featured_media":0,"parent":0,"menu_order":0,"comment_status":"closed","ping_status":"closed","template":"","meta":{"footnotes":""},"class_list":["post-744","page","type-page","status-publish","hentry"],"_links":{"self":[{"href":"https:\/\/rocroysvp.fr\/apel\/wp-json\/wp\/v2\/pages\/744","targetHints":{"allow":["GET"]}}],"collection":[{"href":"https:\/\/rocroysvp.fr\/apel\/wp-json\/wp\/v2\/pages"}],"about":[{"href":"https:\/\/rocroysvp.fr\/apel\/wp-json\/wp\/v2\/types\/page"}],"author":[{"embeddable":true,"href":"https:\/\/rocroysvp.fr\/apel\/wp-json\/wp\/v2\/users\/753"}],"replies":[{"embeddable":true,"href":"https:\/\/rocroysvp.fr\/apel\/wp-json\/wp\/v2\/comments?post=744"}],"version-history":[{"count":2,"href":"https:\/\/rocroysvp.fr\/apel\/wp-json\/wp\/v2\/pages\/744\/revisions"}],"predecessor-version":[{"id":7518,"href":"https:\/\/rocroysvp.fr\/apel\/wp-json\/wp\/v2\/pages\/744\/revisions\/7518"}],"wp:attachment":[{"href":"https:\/\/rocroysvp.fr\/apel\/wp-json\/wp\/v2\/media?parent=744"}],"curies":[{"name":"wp","href":"https:\/\/api.w.org\/{rel}","templated":true}]}}